{"id":92,"date":"2005-04-08T19:04:54","date_gmt":"2005-04-08T18:04:54","guid":{"rendered":"http:\/\/lehrerrundmail.de\/wordpress\/was-soll-das\/"},"modified":"2017-03-09T15:45:16","modified_gmt":"2017-03-09T14:45:16","slug":"was-soll-das","status":"publish","type":"page","link":"https:\/\/lehrerrundmail.de\/wordpress\/was-soll-das\/","title":{"rendered":"Was soll das?"},"content":{"rendered":"<p>Urspr\u00fcnglich diente ein kleiner E-Mail-Verteiler dazu, Kollegen des <a href=\"http:\/\/www.foerderzentrum2-badwindsheim.de\/\">F\u00f6rderzentrums<\/a> \u00fcber Neuigkeiten im und um den hiesigen Computerraum zu informieren. Immer mehr kamen Links und Infos dazu die auch von allgemeinem Interesse waren, so dass sich nach sch\u00fcchternen Nachfragen auch mehr und mehr Kollegen von anderen Schulen angemeldet haben.<\/p>\n<p>Da kam es, dass das Bayerische Staatsministerium f\u00fcr Unterricht und Kultus es allen Schulen gebot, sich mit aussagekr\u00e4ftigen E-Mail- bzw. Internetadressen zu schm\u00fccken. Bei der Anmeldung der Domain f\u00fcr unsere Schule fiel auch Lehrerrundmail.de ab und scheinbar lag&#8217;s an der nunmehr &#8217;sprechenden&#8216; URL, dass die Anmeldungen immer mehr wurden. Mittlerweile ist die Lehrerrundmail nach Unterfranken umgezogen und &#8218;wohnt&#8216; jetzt in der <a href=\"http:\/\/pestalozzi-sw.de\">Pestalozzi-F\u00f6rderschule<\/a> in Schweinfurt Oberndorf.<\/p>\n<p>Auch das Archiv der Rundmails wuchs immer mehr an und um den dort schlummernden Schatz an Links und Infos heben zu k\u00f6nnen, bot sich die Einteilung in Link-Kategorien an.  Zwischenzeitlich bin ich \u00fcber das <a href=\"http:\/\/wpde.org\/\">deutsche WordPress<\/a> gestolpert &#8211; eigentlich ein System um sogenannte Blogs zu schreiben und zu verwalten, aber auch zum Content-Managment (<a href=\"http:\/\/www.savoy-truffle.de\/zippo\/donald\/englisch.jpg\">aber es muss heute ja englisch sein<\/a>) f\u00fcr meine Seiten super geeignet.<\/p>\n<p>Wer sich f\u00fcr die Entwicklungen (und Wirrungen) der Lehrerrundmail \u00fcber die Monate hinweg interessiert, sei auf die <a href=\"http:\/\/lehrerrundmail.de\/wordpress\/index.php\/category\/internes\"><em>Rundmail intern<\/em>-Rubrik<\/a> verwiesen, die ausschlie\u00dflich der Selbstbeweihr\u00e4ucherung und -bespiegelung dient.<\/p>\n<p><strong>So viel Werbung?<\/strong><br \/>\nIch muss zugeben, dass mir zu Beginn meines Wirkens als Rundmail-Verfasser nicht ganz klar war, was das Betreiben einer Site an Zeit und Geld verschlingen kann. Und so muss ich &#8211; kaum reum\u00fctig &#8211; gestehen, dass ich ab sofort jeden einzelnen Cent der Werbeeinnahmen selbst behalten werde, um zumindest den laufenden Betrieb zu finanzieren.<\/p>\n<p>Viel Spa\u00df auf diesen Seiten,<br \/>\n&nbsp;&nbsp;<em>Holger <\/em><\/p>\n<p><a href=\"https:\/\/uberspace.de\/\"><img loading=\"lazy\" decoding=\"async\" src=\"http:\/\/lehrerrundmail.de\/wordpress\/wp-content\/uploads\/2005\/04\/uberspacehostedonasteroids.png\" alt=\"uberspace- hosted on asteroids\" width=\"150\" height=\"80\" class=\"aligncenter size-full wp-image-2244\" \/><\/a><br \/>\n<center><em>Powered by Caffeine<br \/>von <a href=\"https:\/\/www.wehners-roesterei.bio\">Wehners R\u00f6sterei in Schweinfurt<\/a><br \/>Einziger Bio-Kaffeer\u00f6ster in Unterfranken<\/em><\/center><\/p>","protected":false},"excerpt":{"rendered":"<p>Urspr\u00fcnglich diente ein kleiner E-Mail-Verteiler dazu, Kollegen des F\u00f6rderzentrums \u00fcber Neuigkeiten im und um den hiesigen Computerraum zu informieren. Immer mehr kamen Links und Infos dazu die auch von allgemeinem Interesse waren, so dass sich<\/p>\n","protected":false},"author":1,"featured_media":2244,"parent":0,"menu_order":0,"comment_status":"open","ping_status":"closed","template":"","meta":{"footnotes":""},"class_list":["post-92","page","type-page","status-publish","has-post-thumbnail","hentry"],"_links":{"self":[{"href":"https:\/\/lehrerrundmail.de\/wordpress\/wp-json\/wp\/v2\/pages\/92","targetHints":{"allow":["GET"]}}],"collection":[{"href":"https:\/\/lehrerrundmail.de\/wordpress\/wp-json\/wp\/v2\/pages"}],"about":[{"href":"https:\/\/lehrerrundmail.de\/wordpress\/wp-json\/wp\/v2\/types\/page"}],"author":[{"embeddable":true,"href":"https:\/\/lehrerrundmail.de\/wordpress\/wp-json\/wp\/v2\/users\/1"}],"replies":[{"embeddable":true,"href":"https:\/\/lehrerrundmail.de\/wordpress\/wp-json\/wp\/v2\/comments?post=92"}],"version-history":[{"count":5,"href":"https:\/\/lehrerrundmail.de\/wordpress\/wp-json\/wp\/v2\/pages\/92\/revisions"}],"predecessor-version":[{"id":2828,"href":"https:\/\/lehrerrundmail.de\/wordpress\/wp-json\/wp\/v2\/pages\/92\/revisions\/2828"}],"wp:featuredmedia":[{"embeddable":true,"href":"https:\/\/lehrerrundmail.de\/wordpress\/wp-json\/wp\/v2\/media\/2244"}],"wp:attachment":[{"href":"https:\/\/lehrerrundmail.de\/wordpress\/wp-json\/wp\/v2\/media?parent=92"}],"curies":[{"name":"wp","href":"https:\/\/api.w.org\/{rel}","templated":true}]}}