{"id":1012,"date":"2011-05-06T18:59:30","date_gmt":"2011-05-06T17:59:30","guid":{"rendered":"http:\/\/lehrerrundmail.de\/wordpress\/?page_id=1012"},"modified":"2011-05-06T18:59:30","modified_gmt":"2011-05-06T17:59:30","slug":"konferenz-bingo-phrasendreschen","status":"publish","type":"page","link":"https:\/\/lehrerrundmail.de\/wordpress\/konferenz-bingo-phrasendreschen\/","title":{"rendered":"Konferenz-Bingo, Phrasendreschen"},"content":{"rendered":"<h3>Konferenz-Bingo<\/h3>\n<p>Das Konferenz-Bingo wurde auf einer Fortbildung geboren, dessen Teilnehmer sich nach jedem zweiten Satz gegenseitig &#8222;Da gehe ich voll mit ihnen d&#8217;accord&#8220; versichert haben. Die Dichte an p\u00e4dagogischen Buzzwords war unglaublich hoch. Das Konferenz-Bingo basiert auf der Idee des Buzzword-Bingos (einst vorgestellt in einem <a href=\"http:\/\/monkeyboys.org\/images\/dilbert-buzzword.jpeg\">Dilbert-Cartoon<\/a>). Wer ein Wort auf seiner Bingokarte in der Konferenz oder auf einer Fortbildung h\u00f6rt, kreuzt es an. Ist eine Reihe horizontal, vertikal oder diagonal vollst\u00e4ndig angekreuzt, muss der gl\u00fcckliche Gewinner vernehmlich Bullshit, d&#8217;accord, Bingo oder einen anderweitig beliebten Ausdruck rufen.<\/p>\n<p><script src=\"\/wordpress\/wp-content\/uploads\/scripts\/bingo.js\" type=\"text\/javascript\"><\/script><br \/>\n<input onclick=\"drisch_phrase();\" type=\"button\" value=\"Bingo erstellen\" \/><br \/>\n&nbsp;<\/p>\n<p><em>Bitte habt Verst\u00e4ndnis daf\u00fcr, dass sich doppelte Eintr\u00e4ge aufgrund des &#8218;Billig-Scripts&#8216; leider nicht vermeiden lassen. Nochmaliges Anklicken des Buttons f\u00fcgt jeweils ein neues Bingo-Feld unterhalb ein.<\/em><\/p>\n<h3>Phrasendreschen leicht gemacht<\/h3>\n<p>Wieder ist es dir in der Lehrerkonferenz nicht gelungen durch ausgefeilte Wortbeitr\u00e4ge zu gl\u00e4nzen? Vielleicht liegt&#8217;s am fehlenden aktiven p\u00e4dagogischen Wortschatz? Die Phrasendreschmaschine der Lehrerrundmail hilft! Einfach vor der Konferenz oder dem Gespr\u00e4ch mit dem Schulleiter ein paar mal aufs Kn\u00f6pfchen gedr\u00fcckt, das frisch gebastelte Fachvokabular flugs verinnerlicht und locker in die Unterhaltung einflie\u00dfen lassen. Einfacher kann Angeben nicht sein!<\/p>\n<p><script src=\"\/wordpress\/wp-content\/uploads\/scripts\/fensterneu.js\" type=\"text\/javascript\"><\/script><br \/>\n<input onclick=\"FensterNeu('http:\/\/lehrerrundmail.de\/phrasendreschmaschine.htm');\" type=\"button\" value=\"Phrasendreschen\" \/><\/p>","protected":false},"excerpt":{"rendered":"<p>Konferenz-Bingo Das Konferenz-Bingo wurde auf einer Fortbildung geboren, dessen Teilnehmer sich nach jedem zweiten Satz gegenseitig &#8222;Da gehe ich voll mit ihnen d&#8217;accord&#8220; versichert haben. Die Dichte an p\u00e4dagogischen Buzzwords war unglaublich hoch. Das Konferenz-Bingo<\/p>\n","protected":false},"author":1,"featured_media":0,"parent":0,"menu_order":0,"comment_status":"open","ping_status":"open","template":"","meta":{"footnotes":""},"class_list":["post-1012","page","type-page","status-publish","hentry"],"_links":{"self":[{"href":"https:\/\/lehrerrundmail.de\/wordpress\/wp-json\/wp\/v2\/pages\/1012","targetHints":{"allow":["GET"]}}],"collection":[{"href":"https:\/\/lehrerrundmail.de\/wordpress\/wp-json\/wp\/v2\/pages"}],"about":[{"href":"https:\/\/lehrerrundmail.de\/wordpress\/wp-json\/wp\/v2\/types\/page"}],"author":[{"embeddable":true,"href":"https:\/\/lehrerrundmail.de\/wordpress\/wp-json\/wp\/v2\/users\/1"}],"replies":[{"embeddable":true,"href":"https:\/\/lehrerrundmail.de\/wordpress\/wp-json\/wp\/v2\/comments?post=1012"}],"version-history":[{"count":0,"href":"https:\/\/lehrerrundmail.de\/wordpress\/wp-json\/wp\/v2\/pages\/1012\/revisions"}],"wp:attachment":[{"href":"https:\/\/lehrerrundmail.de\/wordpress\/wp-json\/wp\/v2\/media?parent=1012"}],"curies":[{"name":"wp","href":"https:\/\/api.w.org\/{rel}","templated":true}]}}